{"id":841,"date":"2017-07-09T23:17:48","date_gmt":"2017-07-09T22:17:48","guid":{"rendered":"http:\/\/osrace1516.splet.arnes.si\/?page_id=841"},"modified":"2020-08-25T09:34:05","modified_gmt":"2020-08-25T07:34:05","slug":"glavna","status":"publish","type":"page","link":"https:\/\/osrace1819.splet.arnes.si\/","title":{"rendered":"Naslovna"},"content":{"rendered":"\n[et_pb_section bb_built=&#8221;1&#8243; admin_label=&#8221;Section&#8221;][et_pb_row admin_label=&#8221;Row&#8221;][et_pb_column type=&#8221;4_4&#8243;][et_pb_image admin_label=&#8221;Image&#8221; src=&#8221;http:\/\/osrace1516.splet.arnes.si\/files\/2017\/07\/SIO-2020.png&#8221; show_in_lightbox=&#8221;off&#8221; url=&#8221;https:\/\/www.arnes.si\/sio-2020\/&#8221; url_new_window=&#8221;on&#8221; use_overlay=&#8221;off&#8221; animation=&#8221;left&#8221; sticky=&#8221;off&#8221; align=&#8221;left&#8221; force_fullwidth=&#8221;off&#8221; always_center_on_mobile=&#8221;on&#8221; use_border_color=&#8221;off&#8221; border_color=&#8221;#fff9f9&#8243; border_style=&#8221;dotted&#8221; border_width=&#8221;1&#8243; custom_margin=&#8221;-2px||2px|&#8221; \/][et_pb_slider admin_label=&#8221;Slike&#8221; show_arrows=&#8221;off&#8221; show_pagination=&#8221;off&#8221; auto=&#8221;on&#8221; auto_speed=&#8221;5000&#8243; auto_ignore_hover=&#8221;on&#8221;]\r\n\r\n[et_pb_slide background_image=&#8221;http:\/\/osrace1516.splet.arnes.si\/files\/2018\/09\/01.jpg&#8221; use_bg_overlay=&#8221;off&#8221; use_text_overlay=&#8221;off&#8221; admin_title=&#8221;Prva&#8221; header_font=&#8221;||||&#8221; body_font=&#8221;||||&#8221; custom_button=&#8221;off&#8221; button_icon_placement=&#8221;right&#8221; button_on_hover=&#8221;on&#8221;][\/et_pb_slide][et_pb_slide background_image=&#8221;http:\/\/osrace1516.splet.arnes.si\/files\/2018\/09\/02.jpg&#8221; use_bg_overlay=&#8221;off&#8221; use_text_overlay=&#8221;off&#8221; admin_title=&#8221;Druga&#8221; header_font=&#8221;||||&#8221; body_font=&#8221;||||&#8221; custom_button=&#8221;off&#8221; button_icon_placement=&#8221;right&#8221; button_on_hover=&#8221;on&#8221;][\/et_pb_slide][et_pb_slide background_image=&#8221;http:\/\/osrace1516.splet.arnes.si\/files\/2018\/09\/04.jpg&#8221; use_bg_overlay=&#8221;off&#8221; use_text_overlay=&#8221;off&#8221; admin_title=&#8221;Tretja&#8221; header_font=&#8221;||||&#8221; body_font=&#8221;||||&#8221; custom_button=&#8221;off&#8221; button_icon_placement=&#8221;right&#8221; button_on_hover=&#8221;on&#8221;][\/et_pb_slide][et_pb_slide background_image=&#8221;http:\/\/osrace1516.splet.arnes.si\/files\/2018\/09\/05.jpg&#8221; use_bg_overlay=&#8221;off&#8221; use_text_overlay=&#8221;off&#8221; admin_title=&#8221;\u010cetrta&#8221; header_font=&#8221;||||&#8221; body_font=&#8221;||||&#8221; custom_button=&#8221;off&#8221; button_icon_placement=&#8221;right&#8221; button_on_hover=&#8221;on&#8221;][\/et_pb_slide][et_pb_slide background_image=&#8221;http:\/\/osrace1516.splet.arnes.si\/files\/2018\/09\/03.jpg&#8221; use_bg_overlay=&#8221;off&#8221; use_text_overlay=&#8221;off&#8221; admin_title=&#8221;Peta&#8221; header_font=&#8221;||||&#8221; body_font=&#8221;||||&#8221; custom_button=&#8221;off&#8221; button_icon_placement=&#8221;right&#8221; button_on_hover=&#8221;on&#8221;][\/et_pb_slide][et_pb_slide background_image=&#8221;http:\/\/osrace1516.splet.arnes.si\/files\/2018\/09\/06.jpg&#8221; use_bg_overlay=&#8221;off&#8221; use_text_overlay=&#8221;off&#8221; admin_title=&#8221;\u0160esta&#8221; header_font=&#8221;||||&#8221; body_font=&#8221;||||&#8221; custom_button=&#8221;off&#8221; button_icon_placement=&#8221;right&#8221; button_on_hover=&#8221;on&#8221;][\/et_pb_slide]\r\n\r\n[\/et_pb_slider][\/et_pb_column][\/et_pb_row][\/et_pb_section][et_pb_section bb_built=&#8221;1&#8243; admin_label=&#8221;Section&#8221; custom_padding=&#8221;0px|0px|0px|0px&#8221;][et_pb_row admin_label=&#8221;Row&#8221; use_custom_width=&#8221;on&#8221; width_unit=&#8221;off&#8221; custom_width_percent=&#8221;100%&#8221; use_custom_gutter=&#8221;on&#8221; gutter_width=&#8221;2&#8243; custom_padding=&#8221;10px|0px|0px|0px&#8221; parallax_method_1=&#8221;off&#8221; parallax_method_2=&#8221;off&#8221; parallax_method_3=&#8221;off&#8221; parallax_method_4=&#8221;off&#8221;][et_pb_column type=&#8221;1_4&#8243;][et_pb_image admin_label=&#8221;Novice&#8221; src=&#8221;http:\/\/osrace1516.splet.arnes.si\/files\/2018\/08\/NOVICE.png&#8221; url=&#8221;http:\/\/osrace1516.splet.arnes.si\/?cat=3&#8243; \/][\/et_pb_column][et_pb_column type=&#8221;1_4&#8243;][et_pb_image admin_label=&#8221;Urniki&#8221; src=&#8221;http:\/\/osrace1516.splet.arnes.si\/files\/2018\/08\/URNIK.png&#8221; url=&#8221;https:\/\/www.easistent.com\/urniki\/84feac3a8cde5fd9599ea18c5c7f80a987eb2dab&#8221; url_new_window=&#8221;on&#8221; \/][\/et_pb_column][et_pb_column type=&#8221;1_4&#8243;][et_pb_image admin_label=&#8221;Jedilniki&#8221; src=&#8221;http:\/\/osrace1516.splet.arnes.si\/files\/2018\/08\/JEDILNIK.png&#8221; url=&#8221;http:\/\/osrace1516.splet.arnes.si\/?p=108&#8243; \/][\/et_pb_column][et_pb_column type=&#8221;1_4&#8243;][et_pb_image admin_label=&#8221;Fotogalerija&#8221; src=&#8221;http:\/\/osrace1516.splet.arnes.si\/files\/2018\/08\/FOTOGALERIJA.png&#8221; url=&#8221;http:\/\/osrace1516.splet.arnes.si\/?p=1789&#8243; \/][\/et_pb_column][\/et_pb_row][et_pb_row admin_label=&#8221;Row&#8221; custom_padding=&#8221;20px|0px|20px|0px&#8221; make_equal=&#8221;on&#8221; parallax_method_1=&#8221;off&#8221; parallax_method_2=&#8221;off&#8221; parallax_method_3=&#8221;off&#8221;][et_pb_column type=&#8221;3_4&#8243;][et_pb_text admin_label=&#8221;Nujna obvestila&#8221; text_orientation=&#8221;center&#8221; disabled_on=&#8221;off|off|off&#8221; background_layout=&#8221;light&#8221; disabled=&#8221;off&#8221; use_border_color=&#8221;off&#8221; border_color=&#8221;#ffffff&#8221; border_style=&#8221;solid&#8221;]\r\n\r\n<p style=\"text-align: center\"><strong>SEZNAM U\u010cBENIKOV, POTREB\u0160\u010cIN IN DELOVNIH ZVEZKOV<\/strong><\/p>\r\n<p style=\"text-align: center\"><a href=\"http:\/\/osrace1516.splet.arnes.si\/files\/2017\/07\/Seznam_ucbenikov_19_20.pdf\" target=\"_blank\" rel=\"noopener noreferrer\">SEZNAM U\u010cBENIKOV 2019\/2020<\/a><\/p>\r\n<p style=\"text-align: center\"><a href=\"http:\/\/osrace1516.splet.arnes.si\/files\/2017\/07\/delovni_zvezki_2019_20_osrace_potrjeno.pdf\" target=\"_blank\" rel=\"noopener noreferrer\">SEZNAM DELOVNIH ZVEZKOV 2019\/2020<\/a><\/p>\r\n<p style=\"text-align: center\"><a href=\"http:\/\/osrace1516.splet.arnes.si\/files\/2017\/07\/Seznam_potreb\u0161\u010din_19_20.pdf\" target=\"_blank\" rel=\"noopener noreferrer\">SEZNAM POTREB\u0160\u010cIN 2019\/2020<\/a><\/p>\r\n\r\n\r\n<hr \/>\r\n<p style=\"text-align: center\"><strong>ANKETA \u0160OLSKA PREHRANA<\/strong><\/p>\r\n<p style=\"text-align: center\">Star\u0161i: <a href=\"https:\/\/docs.google.com\/forms\/d\/e\/1FAIpQLSf6I42a6aljmseF6GvHXbrHtHLfU_P4lqKjni1o_BmKDuNYpw\/viewform\" target=\"_blank\" rel=\"noopener noreferrer\">ANKETA<\/a><\/p>\r\n<p style=\"text-align: center\">U\u010denci: <a href=\"https:\/\/docs.google.com\/forms\/d\/e\/1FAIpQLScwd2Tb3jPBer1LZoFNi3z6RqSjNYgjKSt5V6sUy4Z7G4Gy3w\/viewform\" target=\"_blank\" rel=\"noopener noreferrer\">ANKETA<\/a><\/p>\r\n\r\n\r\n<hr \/>\r\n<p style=\"text-align: center\">Na O\u0160 Ra\u010de smo se \u0161e posebej pripravili na nove smernice EU direktive GDPR in ZVOP-1 in ZVOP-2, ki zaostrujejo na\u010din uporabe osebnih podatkov. Poskrbeli smo, da vas bomo lahko \u0161e naprej redno obve\u0161\u010dali o vseh novostih in dogodkih na \u0161oli preko mobilne aplikacije eFollowr, ki vam zagotavlja anonimnost hkrati pa ste redno seznanjeni z vsemi dogodki na \u0161oli. Posredujemo vam navodila za namestitev aplikacije eFollowr na va\u0161 pametni mobilni telefon:\r\nSkenirajte QR kodo in prenesite brezpla\u010dno aplikacijo eFollowr.<\/p>\r\n<p style=\"text-align: center\"><a href=\"http:\/\/osrace1516.splet.arnes.si\/files\/2017\/07\/qr-efollowr.png\"><img loading=\"lazy\" decoding=\"async\" class=\"aligncenter wp-image-3407\" src=\"http:\/\/osrace1516.splet.arnes.si\/files\/2017\/07\/qr-efollowr.png\" alt=\"\" width=\"194\" height=\"194\" \/><\/a>\r\nPreko eFollowrja vas bomo obvestili o vseh dogodkih in novostih na O\u0160 Ra\u010de.<\/p>\r\n<p style=\"text-align: center\">\u010ce na svoji pametni mobilni napravi nimate name\u0161\u010denega bralnika QR kod, lahko aplikacijo eFollowr brezpla\u010dno prenesete iz Play Store, App Store, ali Windows Store. V meniju \u00bbPonudniki\u00ab, izberite \u00bbVsi ponudniki\u00ab, nato med njimi izberite \u00bb\u0160olstvo\u00ab in med \u0161olami izberite O\u0160 Ra\u010de in jo potrdite na na\u010din, da kliknete na \u00bbzeleni plus\u00ab.<\/p>\r\n<p style=\"text-align: center\"><a href=\"http:\/\/osrace1516.splet.arnes.si\/files\/2017\/07\/Navodila-za-namestitev-aplikacije-eFollowr-O\u0160-Ra\u010de.pdf\">Navodila za namestitev aplikacije eFollowr<\/a><\/p>\r\n\r\n[\/et_pb_text][et_pb_blog admin_label=&#8221;Obvestila&#8221; include_categories=&#8221;25,49,3,45,6&#8243; show_comments=&#8221;off&#8221; offset_number=&#8221;0&#8243; fullwidth=&#8221;on&#8221; show_thumbnail=&#8221;on&#8221; show_content=&#8221;off&#8221; show_more=&#8221;off&#8221; show_author=&#8221;off&#8221; show_date=&#8221;on&#8221; show_categories=&#8221;off&#8221; show_pagination=&#8221;on&#8221; use_overlay=&#8221;off&#8221; background_layout=&#8221;light&#8221; use_dropshadow=&#8221;off&#8221; use_border_color=&#8221;off&#8221; border_color=&#8221;#ffffff&#8221; border_style=&#8221;solid&#8221; \/][et_pb_image admin_label=&#8221;Logotipi&#8221; src=&#8221;http:\/\/osrace1516.splet.arnes.si\/files\/2017\/07\/logotipi-novo.png&#8221; alt=&#8221;Logotipi&#8221; align=&#8221;center&#8221; max_width=&#8221;800px&#8221; \/][\/et_pb_column][et_pb_column type=&#8221;1_4&#8243;][et_pb_sidebar admin_label=&#8221;Stranska vrstica&#8221; area=&#8221;sidebar-1&#8243; remove_border=&#8221;on&#8221; header_font_size=&#8221;23px&#8221; body_font_size=&#8221;16px&#8221; orientation=&#8221;left&#8221; background_layout=&#8221;light&#8221; body_line_height=&#8221;1.3em&#8221; \/][\/et_pb_column][\/et_pb_row][\/et_pb_section]\n","protected":false},"excerpt":{"rendered":"<p>SEZNAM U\u010cBENIKOV, POTREB\u0160\u010cIN IN DELOVNIH ZVEZKOV SEZNAM U\u010cBENIKOV 2019\/2020 SEZNAM DELOVNIH ZVEZKOV 2019\/2020 SEZNAM POTREB\u0160\u010cIN 2019\/2020 ANKETA \u0160OLSKA PREHRANA Star\u0161i: ANKETA U\u010denci: ANKETA Na O\u0160 Ra\u010de smo se \u0161e posebej pripravili na nove smernice EU direktive GDPR in ZVOP-1 in ZVOP-2, ki zaostrujejo na\u010din uporabe osebnih podatkov. Poskrbeli smo, da vas bomo lahko \u0161e naprej [&hellip;]<\/p>\n","protected":false},"author":5736,"featured_media":0,"parent":0,"menu_order":0,"comment_status":"closed","ping_status":"closed","template":"page-template-blank.php","meta":{"_et_pb_use_builder":"on","_et_pb_old_content":"","_et_gb_content_width":"","footnotes":""},"class_list":["post-841","page","type-page","status-publish","hentry"],"_links":{"self":[{"href":"https:\/\/osrace1819.splet.arnes.si\/index.php?rest_route=\/wp\/v2\/pages\/841","targetHints":{"allow":["GET"]}}],"collection":[{"href":"https:\/\/osrace1819.splet.arnes.si\/index.php?rest_route=\/wp\/v2\/pages"}],"about":[{"href":"https:\/\/osrace1819.splet.arnes.si\/index.php?rest_route=\/wp\/v2\/types\/page"}],"author":[{"embeddable":true,"href":"https:\/\/osrace1819.splet.arnes.si\/index.php?rest_route=\/wp\/v2\/users\/5736"}],"replies":[{"embeddable":true,"href":"https:\/\/osrace1819.splet.arnes.si\/index.php?rest_route=%2Fwp%2Fv2%2Fcomments&post=841"}],"version-history":[{"count":5,"href":"https:\/\/osrace1819.splet.arnes.si\/index.php?rest_route=\/wp\/v2\/pages\/841\/revisions"}],"predecessor-version":[{"id":4245,"href":"https:\/\/osrace1819.splet.arnes.si\/index.php?rest_route=\/wp\/v2\/pages\/841\/revisions\/4245"}],"wp:attachment":[{"href":"https:\/\/osrace1819.splet.arnes.si\/index.php?rest_route=%2Fwp%2Fv2%2Fmedia&parent=841"}],"curies":[{"name":"wp","href":"https:\/\/api.w.org\/{rel}","templated":true}]}}